{"id":7339,"date":"2025-12-14T11:11:31","date_gmt":"2025-12-14T10:11:31","guid":{"rendered":"https:\/\/aurahausgerate.com\/?page_id=7339"},"modified":"2026-05-03T14:06:43","modified_gmt":"2026-05-03T12:06:43","slug":"impressum","status":"publish","type":"page","link":"https:\/\/aurahausgerate.com\/de_de\/impressum\/","title":{"rendered":"Impressum"},"content":{"rendered":"<div data-elementor-type=\"wp-page\" data-elementor-id=\"7339\" class=\"elementor elementor-7339\" data-elementor-post-type=\"page\">\n\t\t\t\t\t\t<section class=\"elementor-section elementor-top-section elementor-element elementor-element-8983120 elementor-section-stretched elementor-section-boxed elementor-section-height-default elementor-section-height-default\" data-id=\"8983120\" data-element_type=\"section\" data-e-type=\"section\" data-settings=\"{&quot;stretch_section&quot;:&quot;section-stretched&quot;}\">\n\t\t\t\t\t\t<div class=\"elementor-container elementor-column-gap-default\">\n\t\t\t\t\t<div class=\"elementor-column elementor-col-100 elementor-top-column elementor-element elementor-element-ad10134\" data-id=\"ad10134\" data-element_type=\"column\" data-e-type=\"column\">\n\t\t\t<div class=\"elementor-widget-wrap elementor-element-populated\">\n\t\t\t\t\t\t<div class=\"elementor-element elementor-element-f4deda3 elementor-widget elementor-widget-text-editor\" data-id=\"f4deda3\" data-element_type=\"widget\" data-e-type=\"widget\" data-widget_type=\"text-editor.default\">\n\t\t\t\t<div class=\"elementor-widget-container\">\n\t\t\t\t\t\t\t\t\t<p>Impressum<\/p><p>Angaben gem\u00e4\u00df \u00a7 5 DDG<\/p><p>Aura Hausger\u00e4te GmbH<br \/>Solitudestr. 218<br \/>70499 Stuttgart<br \/>Deutschland<\/p><p>Vertreten durch den Gesch\u00e4ftsf\u00fchrer:<br \/>Ralf Vollmann<\/p><p>Kontakt<\/p><p>E-Mail: kontakt@aurahausgerate.com<br \/>Telefon: +49 163 4533704<\/p><p>Registereintrag<\/p><p>Eintragung im Handelsregister.<br \/>Registergericht: Amtsgericht Stuttgart<br \/>Handelsregisternummer: HRB 18273<\/p><p>Steuerliche Angaben<\/p><p>Steuernummer: 9903118510<br \/>Umsatzsteuer-Identifikationsnummer gem\u00e4\u00df \u00a7 27a Umsatzsteuergesetz:<br \/>DE9903118510<\/p><p>Hinweis zur Vertriebspartnerschaft mit Vorwerk<\/p><p>Aura Hausger\u00e4te GmbH ist als unabh\u00e4ngiger Vertriebspartner und Handelsvertreter im Rahmen einer bestehenden Partnervereinbarung f\u00fcr Produkte der Marke Vorwerk t\u00e4tig.<\/p><p>Die Beratung, der Verkauf sowie die Kundenbetreuung erfolgen durch die Aura Hausger\u00e4te GmbH als eigenst\u00e4ndig handelndes Unternehmen. Betreiberin dieses Online-Angebots ist ausschlie\u00dflich die Aura Hausger\u00e4te GmbH.<\/p><p>Vorwerk\u00ae, Thermomix\u00ae und weitere Produktbezeichnungen sind eingetragene Marken der jeweiligen Rechteinhaber. Die Verwendung dieser Marken erfolgt zur Beschreibung der angebotenen Produkte, Zubeh\u00f6rteile und Beratungsleistungen.<\/p><p>Verantwortlich f\u00fcr den Inhalt nach \u00a7 18 Abs. 2 MStV<\/p><p>Ralf Vollmann<br \/>Aura Hausger\u00e4te GmbH<br \/>Solitudestr. 218<br \/>70499 Stuttgart<br \/>Deutschland<\/p><p>Verbraucherstreitbeilegung<\/p><p>Wir sind zur Teilnahme an einem Streitbeilegungsverfahren vor einer Verbraucherschlichtungsstelle weder verpflichtet noch bereit.<\/p>\t\t\t\t\t\t\t\t<\/div>\n\t\t\t\t<\/div>\n\t\t\t\t\t<\/div>\n\t\t<\/div>\n\t\t\t\t\t<\/div>\n\t\t<\/section>\n\t\t\t\t<\/div>","protected":false},"excerpt":{"rendered":"<p>Impressum Angaben gem\u00e4\u00df \u00a7 5 DDG Aura Hausger\u00e4te GmbHSolitudestr. 21870499 StuttgartDeutschland Vertreten durch den Gesch\u00e4ftsf\u00fchrer:Ralf Vollmann Kontakt E-Mail: kontakt@aurahausgerate.comTelefon: +49 163 4533704 Registereintrag Eintragung im Handelsregister.Registergericht: Amtsgericht StuttgartHandelsregisternummer: HRB 18273 Steuerliche Angaben Steuernummer: 9903118510Umsatzsteuer-Identifikationsnummer gem\u00e4\u00df \u00a7 27a Umsatzsteuergesetz:DE9903118510 Hinweis zur Vertriebspartnerschaft mit Vorwerk Aura Hausger\u00e4te GmbH ist als unabh\u00e4ngiger Vertriebspartner und Handelsvertreter im Rahmen einer [&hellip;]<\/p>","protected":false},"author":1,"featured_media":0,"parent":0,"menu_order":0,"comment_status":"closed","ping_status":"closed","template":"","meta":{"footnotes":""},"class_list":["post-7339","page","type-page","status-publish","hentry"],"_hostinger_reach_plugin_has_subscription_block":false,"_hostinger_reach_plugin_is_elementor":false,"_links":{"self":[{"href":"https:\/\/aurahausgerate.com\/de_de\/wp-json\/wp\/v2\/pages\/7339","targetHints":{"allow":["GET"]}}],"collection":[{"href":"https:\/\/aurahausgerate.com\/de_de\/wp-json\/wp\/v2\/pages"}],"about":[{"href":"https:\/\/aurahausgerate.com\/de_de\/wp-json\/wp\/v2\/types\/page"}],"author":[{"embeddable":true,"href":"https:\/\/aurahausgerate.com\/de_de\/wp-json\/wp\/v2\/users\/1"}],"replies":[{"embeddable":true,"href":"https:\/\/aurahausgerate.com\/de_de\/wp-json\/wp\/v2\/comments?post=7339"}],"version-history":[{"count":41,"href":"https:\/\/aurahausgerate.com\/de_de\/wp-json\/wp\/v2\/pages\/7339\/revisions"}],"predecessor-version":[{"id":8316,"href":"https:\/\/aurahausgerate.com\/de_de\/wp-json\/wp\/v2\/pages\/7339\/revisions\/8316"}],"wp:attachment":[{"href":"https:\/\/aurahausgerate.com\/de_de\/wp-json\/wp\/v2\/media?parent=7339"}],"curies":[{"name":"wp","href":"https:\/\/api.w.org\/{rel}","templated":true}]}}