{"id":8193,"date":"2025-01-01T09:12:13","date_gmt":"2025-01-01T08:12:13","guid":{"rendered":"https:\/\/aurahausgerate.com\/?post_type=product&#038;p=8193"},"modified":"2026-04-20T13:26:08","modified_gmt":"2026-04-20T11:26:08","slug":"mixtopf-fuer-thermomix-tm7","status":"publish","type":"product","link":"https:\/\/aurahausgerate.com\/de_de\/produkt\/mixtopf-fuer-thermomix-tm7\/","title":{"rendered":"Mixtopf f\u00fcr Thermomix\u00ae TM7"},"content":{"rendered":"<section class=\"ts-section\">\n<div class=\"row\">\n<div class=\"col-xs-12\" data-scrollto-target=\"#description\">\n<h2 class=\"text--large\">Artikeldetails<\/h2>\n<div class=\"txt-comp\">\n<p>Dieser Mixtopf wird <strong>ohne isolierendes Geh\u00e4use, Messer und Deckel<\/strong> geliefert.<\/p>\n<p>Wenn Sie einen Mixtopf mit vollst\u00e4ndigem Zubeh\u00f6r ben\u00f6tigen, w\u00e4hlen Sie bitte den<br \/>\n<strong>kompletten Thermomix\u00ae TM7 Mixtopf<\/strong>.<\/p>\n<p><strong>Kompatibel mit TM7<\/strong><\/p>\n<p><strong>Lieferumfang<\/strong><\/p>\n<\/div>\n<\/div>\n<\/div>\n<\/section>\n<section class=\"ts-section\">\n<div class=\"row\">\n<div class=\"col-xs-12 col-md-6\" data-scrollto-target=\"#delivery\">\n<div class=\"delivery-scope__wrapper\">\n<div class=\"delivery-scope__content\">\n<ul>\n<li>1 Edelstahl-Mixtopf f\u00fcr Thermomix\u00ae TM7<\/li>\n<li><strong>Nicht enthalten:<\/strong> isolierendes Geh\u00e4use, Messer und Deckel<\/li>\n<\/ul>\n<\/div>\n<\/div>\n<\/div>\n<\/div>\n<\/section>\n<p><em>\ud83d\ude9a Lieferung ausschlie\u00dflich innerhalb Deutschlands.<\/em><\/p>\n<p><em>\u23f1\ufe0f Lieferzeit: 3 bis 15 Werktage.<\/em><\/p>","protected":false},"excerpt":{"rendered":"<h4><span style=\"color: #008000;\"><strong>Ersatzteil f\u00fcr den Edelstahl-Mixtopf des Thermomix\u00ae TM7<\/strong><\/span><\/h4>\n<ul>\n<li>Mixtopf aus <strong>Edelstahl<\/strong> mit einem Fassungsverm\u00f6gen von <strong>2,2 Litern<\/strong><\/li>\n<li>Ideal als Ersatz, wenn Ihr vorhandener Mixtopf <strong>besch\u00e4digt<\/strong> ist<\/li>\n<li><strong>Nicht enthalten:<\/strong> isolierendes Geh\u00e4use des Thermomix\u00ae TM7, Messer und Deckel<\/li>\n<li><span style=\"color: #ff0000;\">\u26a0\ufe0f <strong>Dieser Mixtopf ist ausschlie\u00dflich mit dem Thermomix\u00ae TM7 kompatibel.<\/strong><\/span><\/li>\n<\/ul>\n<p><em>\ud83d\ude9a Lieferung ausschlie\u00dflich innerhalb Deutschlands.<\/em><\/p>\n<p><em>\u23f1\ufe0f Lieferzeit: 3 bis 15 Werktage.<\/em><\/p>","protected":false},"featured_media":7254,"template":"","meta":[],"product_brand":[65],"product_cat":[53],"product_tag":[],"class_list":{"0":"post-8193","1":"product","2":"type-product","3":"status-publish","4":"has-post-thumbnail","6":"product_brand-thermomix","7":"product_cat-thermomix-zubehor","9":"first","10":"instock","11":"sale","12":"shipping-taxable","13":"purchasable","14":"product-type-simple"},"_links":{"self":[{"href":"https:\/\/aurahausgerate.com\/de_de\/wp-json\/wp\/v2\/product\/8193","targetHints":{"allow":["GET"]}}],"collection":[{"href":"https:\/\/aurahausgerate.com\/de_de\/wp-json\/wp\/v2\/product"}],"about":[{"href":"https:\/\/aurahausgerate.com\/de_de\/wp-json\/wp\/v2\/types\/product"}],"wp:featuredmedia":[{"embeddable":true,"href":"https:\/\/aurahausgerate.com\/de_de\/wp-json\/wp\/v2\/media\/7254"}],"wp:attachment":[{"href":"https:\/\/aurahausgerate.com\/de_de\/wp-json\/wp\/v2\/media?parent=8193"}],"wp:term":[{"taxonomy":"product_brand","embeddable":true,"href":"https:\/\/aurahausgerate.com\/de_de\/wp-json\/wp\/v2\/product_brand?post=8193"},{"taxonomy":"product_cat","embeddable":true,"href":"https:\/\/aurahausgerate.com\/de_de\/wp-json\/wp\/v2\/product_cat?post=8193"},{"taxonomy":"product_tag","embeddable":true,"href":"https:\/\/aurahausgerate.com\/de_de\/wp-json\/wp\/v2\/product_tag?post=8193"}],"curies":[{"name":"wp","href":"https:\/\/api.w.org\/{rel}","templated":true}]}}