{"id":8199,"date":"2025-12-08T09:51:18","date_gmt":"2025-12-08T08:51:18","guid":{"rendered":"https:\/\/aurahausgerate.com\/?post_type=product&#038;p=8199"},"modified":"2026-04-23T10:58:26","modified_gmt":"2026-04-23T08:58:26","slug":"thermomix-tm6-generaluberholt-ausgezeichneter-zustand","status":"publish","type":"product","link":"https:\/\/aurahausgerate.com\/de_de\/produkt\/thermomix-tm6-generaluberholt-ausgezeichneter-zustand\/","title":{"rendered":"Thermomix\u00ae TM6 general\u00fcberholt \u2013 ausgezeichneter Zustand"},"content":{"rendered":"<section class=\"ts-section\">\n<div class=\"row\">\n<div class=\"col-xs-12\" data-scrollto-target=\"#description\">\n<h2 class=\"text--large\">Artikeldetails<\/h2>\n<div class=\"txt-comp\">\n<p><strong>DER MULTIFUNKTIONALE K\u00dcCHENROBOTER, DER ALLES KANN<\/strong><\/p>\n<p>Kompakt, vielseitig und leistungsstark \u2013 der Thermomix\u00ae TM6 ersetzt mehr als zwanzig K\u00fcchenger\u00e4te.<br \/>\nDank seiner <strong>12 integrierten Funktionen<\/strong> k\u00f6nnen Sie mit nur einem Ger\u00e4t mahlen, hacken, schmoren, schlagen, wiegen, emulgieren, d\u00e4mpfen, mixen, erhitzen, kochen, kneten und r\u00fchren.<\/p>\n<p>Sie m\u00fcssen nicht mehr st\u00e4ndig am Herd stehen und den Kochvorgang \u00fcberwachen \u2013 der Thermomix\u00ae TM6 \u00fcbernimmt viele Schritte f\u00fcr Sie. So sparen Sie wertvolle Zeit im Alltag und k\u00f6nnen sich anderen Dingen widmen, w\u00e4hrend Ihre Mahlzeit zuverl\u00e4ssig zubereitet wird.<\/p>\n<p><strong>COOKIDOO\u00ae \u2013 DIE IN DEN THERMOMIX\u00ae INTEGRIERTE REZEPTPLATTFORM<\/strong><\/p>\n<p><strong>Kochen Sie jeden Tag abwechslungsreich und unkompliziert<\/strong><\/p>\n<p>Mit <strong>Cookidoo\u00ae<\/strong> und <strong>\u00fcber 10.000 Rezepten<\/strong> wird Ihnen in der K\u00fcche nie die Inspiration ausgehen.<br \/>\nSpeichern Sie Ihre Lieblingsrezepte, planen Sie Ihre Wochenspeisepl\u00e4ne und erstellen Sie mit nur einem Klick Ihre Einkaufsliste \u2013 f\u00fcr optimale Organisation im Alltag.<\/p>\n<p>\ud83c\udf81 Die ersten 3 Monate sind kostenlos.<\/p>\n<p><strong>KOCHEN LEICHT GEMACHT<\/strong><\/p>\n<p>Der Thermomix\u00ae TM6 \u00fcberzeugt durch seine einfache Bedienung und bequeme Reinigung. Dank Vorreinigungsmodus und <strong>sp\u00fclmaschinenfesten<\/strong> Teilen ist er besonders praktisch f\u00fcr den Alltag.<\/p>\n<p>Der leichte Mixtopf l\u00e4sst sich dank seines ergonomischen Griffs komfortabel handhaben, und die automatische Deckelverriegelung sorgt f\u00fcr zus\u00e4tzliche Sicherheit bei der Benutzung.<\/p>\n<\/div>\n<\/div>\n<\/div>\n<\/section>\n<section class=\"ts-section\" data-scrollto-target=\"#technicalData\">\n<div class=\"row\">\n<div class=\"col-xs-12\">\n<h2 class=\"text--large\">Technische Details<\/h2>\n<div class=\"accordion\">\n<div class=\"accordion_initial\">\n<div class=\"accordion__data-item\">\n<h5 class=\"text--bold\">Zustand nach Aufbereitung \u2013 Ausgezeichneter Zustand<\/h5>\n<ul>\n<li>Mit dem Kauf eines general\u00fcberholten Thermomix\u00ae-Produkts entscheiden Sie sich f\u00fcr eine hochwertige Aufbereitung durch erfahrene Techniker.<\/li>\n<li>Ger\u00e4t vollst\u00e4ndig gepr\u00fcft, kalibriert und getestet<\/li>\n<li>Mixtopf: ausgezeichneter Zustand<\/li>\n<li>Geh\u00e4use: ausgezeichneter Zustand<\/li>\n<li>Messer: ausgezeichneter Zustand<\/li>\n<li>Kontaktdichtung: neu<\/li>\n<li>Alle Zubeh\u00f6rteile (Spatel, Gareinsatz, R\u00fchreinsatz, Messbecher und Deckel): neu<\/li>\n<li>Varoma: neu<\/li>\n<li>Display: ausgezeichneter Zustand<\/li>\n<\/ul>\n<\/div>\n<div class=\"accordion__data-item\">\n<h5 class=\"text--bold\">Motor<\/h5>\n<ul>\n<li>Wartungsfreier Reluktanzmotor, Leistung 500 W<\/li>\n<li>Stufenlose Klingendrehzahl von 100 bis 10.700 U\/min (Kochstufe: 40 U\/min)<\/li>\n<li>Intervallfunktion zum Kneten<\/li>\n<li>Sicherheitsvorrichtung: automatischer Schutzschalter bei Motor\u00fcberlastung<\/li>\n<li>Schmoren bei 40 U\/min<\/li>\n<\/ul>\n<\/div>\n<div class=\"accordion__data-item\">\n<h5 class=\"text--bold\">Prozessor<\/h5>\n<ul>\n<li>Multi-Core-Prozessor<\/li>\n<li>16 GB Flash<\/li>\n<li>1 GB DDR RAM<\/li>\n<\/ul>\n<\/div>\n<\/div>\n<div id=\"accordion-data\" class=\"accordion__body collapse in\" aria-expanded=\"true\">\n<div class=\"accordion__data-item\">\n<h5 class=\"text--bold\">Mixtopf<\/h5>\n<ul>\n<li>Edelstahl mit integriertem Heizsystem und Temperatursensor<\/li>\n<li>Fassungsverm\u00f6gen: max. 2,2 Liter<\/li>\n<\/ul>\n<\/div>\n<div class=\"accordion__data-item\">\n<h5 class=\"text--bold\">Netzanschluss<\/h5>\n<ul>\n<li>240 V<\/li>\n<li>Gesamtleistung: 1.500 W<\/li>\n<li>Maximale Kabell\u00e4nge: 1 m<\/li>\n<\/ul>\n<\/div>\n<div class=\"accordion__data-item\">\n<h5 class=\"text--bold\">Integrierte Waage<\/h5>\n<ul>\n<li>Wiegebereich von 5 bis 3.000 g in 1-g-Schritten (Maximalgewicht: 6 kg)<\/li>\n<\/ul>\n<\/div>\n<div class=\"accordion__data-item\">\n<h5 class=\"text--bold\">Motorblock<\/h5>\n<ul>\n<li>Hochwertiger Kunststoff<\/li>\n<\/ul>\n<\/div>\n<div class=\"accordion__data-item\">\n<h5 class=\"text--bold\">Heizsystem<\/h5>\n<ul>\n<li>Leistungsaufnahme: 1.000 W<\/li>\n<li>\u00dcberhitzungsschutz<\/li>\n<\/ul>\n<\/div>\n<div class=\"accordion__data-item\">\n<p class=\"text--large\"><strong>Lieferumfang<\/strong><\/p>\n<ul>\n<li>1 general\u00fcberholter Thermomix\u00ae TM6<\/li>\n<li>1 Varoma<\/li>\n<li>1 Spatel<\/li>\n<li>1 Gareinsatz<\/li>\n<li>1 Hochtemperaturdeckel<\/li>\n<li>1 Schmetterlingsr\u00fchreinsatz<\/li>\n<li>1 Messbecher<\/li>\n<li>1 Bedienungsanleitung<\/li>\n<li>1 Rezeptbuch<\/li>\n<\/ul>\n<\/div>\n<\/div>\n<\/div>\n<\/div>\n<\/div>\n<\/section>\n<p><em>\ud83d\ude9a Lieferung nur innerhalb Deutschlands.<\/em><\/p>","protected":false},"excerpt":{"rendered":"<p><strong>Der ikonische Thermomix\u00ae TM6 K\u00fcchenroboter<\/strong>, professionell general\u00fcberholt und bereit f\u00fcr den t\u00e4glichen Einsatz in Ihrer K\u00fcche.<\/p>\n<ul>\n<li><strong>Professionell general\u00fcberholt<\/strong> von unseren Technikern (ausgezeichneter Zustand \/ vollst\u00e4ndig gepr\u00fcft, kalibriert und getestet)<\/li>\n<li><strong>2 Jahre Garantie<\/strong> auf Teile und Arbeit<\/li>\n<li><strong>\u00dcber 10.000 Rezepte<\/strong>* direkt auf dem Bildschirm verf\u00fcgbar dank Cookidoo\u00ae<\/li>\n<li>\ud83c\udf81 <strong>3 Monate kostenlos<\/strong> auf Cookidoo\u00ae<\/li>\n<li>Ersetzt <strong>mehr als 20 K\u00fcchenger\u00e4te<\/strong><\/li>\n<\/ul>\n<p><em>\ud83d\ude9a Lieferung nur innerhalb Deutschlands.<\/em><br \/>\n<em>\u23f1\ufe0f Lieferzeit: 3 bis 15 Werktage.<\/em><\/p>","protected":false},"featured_media":7999,"template":"","meta":[],"product_brand":[65],"product_cat":[54],"product_tag":[],"class_list":{"0":"post-8199","1":"product","2":"type-product","3":"status-publish","4":"has-post-thumbnail","6":"product_brand-thermomix","7":"product_cat-generalueberholte-thermomix-tm6-und-tm5","9":"first","10":"instock","11":"sale","12":"shipping-taxable","13":"purchasable","14":"product-type-simple"},"_links":{"self":[{"href":"https:\/\/aurahausgerate.com\/de_de\/wp-json\/wp\/v2\/product\/8199","targetHints":{"allow":["GET"]}}],"collection":[{"href":"https:\/\/aurahausgerate.com\/de_de\/wp-json\/wp\/v2\/product"}],"about":[{"href":"https:\/\/aurahausgerate.com\/de_de\/wp-json\/wp\/v2\/types\/product"}],"wp:featuredmedia":[{"embeddable":true,"href":"https:\/\/aurahausgerate.com\/de_de\/wp-json\/wp\/v2\/media\/7999"}],"wp:attachment":[{"href":"https:\/\/aurahausgerate.com\/de_de\/wp-json\/wp\/v2\/media?parent=8199"}],"wp:term":[{"taxonomy":"product_brand","embeddable":true,"href":"https:\/\/aurahausgerate.com\/de_de\/wp-json\/wp\/v2\/product_brand?post=8199"},{"taxonomy":"product_cat","embeddable":true,"href":"https:\/\/aurahausgerate.com\/de_de\/wp-json\/wp\/v2\/product_cat?post=8199"},{"taxonomy":"product_tag","embeddable":true,"href":"https:\/\/aurahausgerate.com\/de_de\/wp-json\/wp\/v2\/product_tag?post=8199"}],"curies":[{"name":"wp","href":"https:\/\/api.w.org\/{rel}","templated":true}]}}