{"id":8202,"date":"2026-01-01T10:16:21","date_gmt":"2026-01-01T09:16:21","guid":{"rendered":"https:\/\/aurahausgerate.com\/?post_type=product&#038;p=8202"},"modified":"2026-04-29T08:49:30","modified_gmt":"2026-04-29T06:49:30","slug":"thermomix-tm6","status":"publish","type":"product","link":"https:\/\/aurahausgerate.com\/de_de\/produkt\/thermomix-tm6\/","title":{"rendered":"Thermomix\u00ae TM6"},"content":{"rendered":"<section class=\"ts-section\">\n<div class=\"row\">\n<div class=\"col-xs-12\" data-scrollto-target=\"#description\">\n<p class=\"text--large\"><strong>Artikeldetails<\/strong><\/p>\n<div class=\"col-xs-12 col-md-6\">\n<div class=\"txt-comp\">\n<p>Entscheiden Sie sich f\u00fcr einen bew\u00e4hrten K\u00fcchenhelfer.<\/p>\n<p><strong>DER MULTIFUNKTIONALE K\u00dcCHENROBOTER, DER ALLES KANN<\/strong><\/p>\n<p>Der Thermomix\u00ae TM6 ist kompakt, vielseitig und ersetzt mit seinen zahlreichen Funktionen mehr als zwanzig K\u00fcchenger\u00e4te.<br \/>\nDank seiner <strong>12 integrierten Funktionen<\/strong> k\u00f6nnen Sie mit nur einem Ger\u00e4t mahlen, hacken, schmoren, schlagen, wiegen, emulgieren, d\u00e4mpfen, mixen, erhitzen, kochen, kneten und r\u00fchren.<\/p>\n<p>Sie m\u00fcssen nicht mehr st\u00e4ndig am Herd stehen und den Kochvorgang \u00fcberwachen \u2013 der Thermomix\u00ae TM6 \u00fcbernimmt viele Schritte f\u00fcr Sie. So bleibt Ihnen Zeit f\u00fcr die wichtigen Dinge, w\u00e4hrend Ihr Gericht m\u00fchelos zubereitet wird.<\/p>\n<p><strong>COOKIDOO\u00ae \u2013 DIE IN DEN THERMOMIX\u00ae INTEGRIERTE REZEPTPLATTFORM<\/strong><\/p>\n<p><strong>Kochen Sie jeden Tag abwechslungsreich und unkompliziert<\/strong><\/p>\n<p>Mit <strong>Cookidoo\u00ae<\/strong> und <strong>\u00fcber 10.000 Rezepten<\/strong> wird Ihnen in der K\u00fcche nie die Inspiration ausgehen.<br \/>\nSpeichern Sie Ihre Lieblingsrezepte, planen Sie Ihre Wochenspeisepl\u00e4ne und erstellen Sie mit nur einem Klick Ihre Einkaufsliste \u2013 f\u00fcr optimale Organisation im Alltag.<\/p>\n<p>\ud83c\udf81 Die ersten 3 Monate sind kostenlos.<\/p>\n<p><strong>KOCHEN LEICHT GEMACHT<\/strong><\/p>\n<p>Der Thermomix\u00ae TM6 \u00fcberzeugt durch seine einfache Bedienung und bequeme Reinigung.<br \/>\nDank Vorreinigungsmodus und <strong>sp\u00fclmaschinenfesten<\/strong> Teilen ist er besonders praktisch f\u00fcr den Alltag.<br \/>\nDer Mixtopf l\u00e4sst sich dank seines ergonomischen Griffs komfortabel handhaben, und die automatische Deckelverriegelung sorgt f\u00fcr zus\u00e4tzliche Sicherheit bei der Benutzung.<\/p>\n<\/div>\n<\/div>\n<div class=\"col-xs-12 col-md-6\">\n<div class=\"ts-plyrPlayer-applied\" data-widget=\"plyrPlayer\">\n<div class=\"plyr plyr--full-ui plyr--video plyr--youtube plyr--fullscreen-enabled plyr--paused plyr--stopped plyr__poster-enabled\"><strong>Technische Details<\/strong><\/div>\n<\/div>\n<\/div>\n<\/div>\n<\/div>\n<\/section>\n<section class=\"ts-section\" data-scrollto-target=\"#technicalData\">\n<div class=\"row\">\n<div class=\"col-xs-12\">\n<div class=\"accordion\">\n<div class=\"accordion__data-item\">\n<h5 class=\"text--bold\">Der Motor:<\/h5>\n<ul>\n<li>Wartungsfreier Reluktanzmotor, Leistung 500 W<\/li>\n<li>Stufenlose Klingendrehzahl von 100 bis 10.700 U\/min (Kochstufe: 40 U\/min)<\/li>\n<li>Intervallfunktion zum Kneten<\/li>\n<li>Sicherheitsvorrichtung: automatischer Schutzschalter bei Motor\u00fcberlastung<\/li>\n<li>Schmoren bei 40 U\/min<\/li>\n<\/ul>\n<\/div>\n<div class=\"accordion__data-item\">\n<h5 class=\"text--bold\">Das Heizsystem:<\/h5>\n<ul>\n<li>Leistungsaufnahme 1.000 W<\/li>\n<li>\u00dcberhitzungsschutz<\/li>\n<\/ul>\n<\/div>\n<div class=\"accordion__data-item\">\n<h5 class=\"text--bold\">Die integrierte Waage:<\/h5>\n<ul>\n<li>Wiegebereich von 5 bis 3.000 g in 1-g-Schritten (Maximalgewicht: 6 kg)<\/li>\n<\/ul>\n<\/div>\n<div id=\"accordion-data\" class=\"accordion__body collapse in\" aria-expanded=\"true\">\n<h5 class=\"text--bold\">Der Motorblock:<\/h5>\n<ul>\n<li>Hochwertiger Kunststoff<\/li>\n<\/ul>\n<h5 class=\"text--bold\">Der Mixtopf:<\/h5>\n<ul>\n<li>Edelstahl mit integriertem Heizsystem und Temperatursensor<\/li>\n<li>Fassungsverm\u00f6gen: max. 2,2 Liter<\/li>\n<\/ul>\n<h5 class=\"text--bold\">Der Prozessor:<\/h5>\n<ul>\n<li>Multi-Core-Prozessor<\/li>\n<li>16 GB Flash<\/li>\n<li>1 GB DDR RAM<\/li>\n<\/ul>\n<h5 class=\"text--bold\">Abmessungen und Gewicht (ohne Varoma):<\/h5>\n<ul>\n<li>H\u00f6he: 33,5 cm<\/li>\n<li>Breite: 33,3 cm<\/li>\n<li>Tiefe: 32,6 cm<\/li>\n<li>Gewicht: 7,7 kg<\/li>\n<\/ul>\n<h5 class=\"text--bold\">Netzanschluss:<\/h5>\n<ul>\n<li>240 V<\/li>\n<li>Gesamtleistung: 1.500 W<\/li>\n<li>Maximale Kabell\u00e4nge: 1 m<\/li>\n<\/ul>\n<div class=\"accordion__data-item\">\n<p class=\"text--bold\">Recyclingf\u00e4higkeit<\/p>\n<ul>\n<li>Gr\u00f6\u00dftenteils recyclingf\u00e4hig<\/li>\n<\/ul>\n<p class=\"text--large\"><strong>Lieferumfang<\/strong><\/p>\n<div class=\"delivery-scope__wrapper\">\n<div class=\"delivery-scope__content\">\n<ul>\n<li>1 Thermomix\u00ae TM6<\/li>\n<li>1 Varoma<\/li>\n<li>1 Spatel<\/li>\n<li>1 Gareinsatz<\/li>\n<li>1 Hochtemperaturdeckel<\/li>\n<li>1 Schmetterlingsr\u00fchreinsatz<\/li>\n<li>1 Messbecher<\/li>\n<li>1 Bedienungsanleitung<\/li>\n<li>1 Rezeptbuch<\/li>\n<\/ul>\n<\/div>\n<\/div>\n<\/div>\n<\/div>\n<\/div>\n<\/div>\n<\/div>\n<\/section>\n<p><em>\ud83d\ude9a Lieferung nur innerhalb Deutschlands.<\/em><\/p>","protected":false},"excerpt":{"rendered":"<h4><strong>Der multifunktionale K\u00fcchenroboter<\/strong><\/h4>\n<ul>\n<li>Ersetzt <strong>mehr als 20 K\u00fcchenger\u00e4te<\/strong><\/li>\n<li><strong>\u00dcber 10.000 Rezepte<\/strong> direkt auf dem Bildschirm verf\u00fcgbar<\/li>\n<li><strong>30 Tage Geld-zur\u00fcck-Garantie<\/strong><\/li>\n<li><strong>2 Jahre Garantie<\/strong><\/li>\n<li><strong>Im Alltag bew\u00e4hrt<\/strong><\/li>\n<\/ul>\n<p><em>\ud83d\ude9a Lieferung nur innerhalb Deutschlands.<\/em><br \/>\n<em>\u23f1\ufe0f Lieferzeit: 3 bis 15 Werktage.<\/em><\/p>","protected":false},"featured_media":7302,"template":"","meta":[],"product_brand":[65],"product_cat":[55],"product_tag":[],"class_list":{"0":"post-8202","1":"product","2":"type-product","3":"status-publish","4":"has-post-thumbnail","6":"product_brand-thermomix","7":"product_cat-thermomix-tm6","9":"first","10":"instock","11":"sale","12":"shipping-taxable","13":"purchasable","14":"product-type-simple"},"_links":{"self":[{"href":"https:\/\/aurahausgerate.com\/de_de\/wp-json\/wp\/v2\/product\/8202","targetHints":{"allow":["GET"]}}],"collection":[{"href":"https:\/\/aurahausgerate.com\/de_de\/wp-json\/wp\/v2\/product"}],"about":[{"href":"https:\/\/aurahausgerate.com\/de_de\/wp-json\/wp\/v2\/types\/product"}],"wp:featuredmedia":[{"embeddable":true,"href":"https:\/\/aurahausgerate.com\/de_de\/wp-json\/wp\/v2\/media\/7302"}],"wp:attachment":[{"href":"https:\/\/aurahausgerate.com\/de_de\/wp-json\/wp\/v2\/media?parent=8202"}],"wp:term":[{"taxonomy":"product_brand","embeddable":true,"href":"https:\/\/aurahausgerate.com\/de_de\/wp-json\/wp\/v2\/product_brand?post=8202"},{"taxonomy":"product_cat","embeddable":true,"href":"https:\/\/aurahausgerate.com\/de_de\/wp-json\/wp\/v2\/product_cat?post=8202"},{"taxonomy":"product_tag","embeddable":true,"href":"https:\/\/aurahausgerate.com\/de_de\/wp-json\/wp\/v2\/product_tag?post=8202"}],"curies":[{"name":"wp","href":"https:\/\/api.w.org\/{rel}","templated":true}]}}