{"id":8203,"date":"2026-01-01T10:31:48","date_gmt":"2026-01-01T09:31:48","guid":{"rendered":"https:\/\/aurahausgerate.com\/?post_type=product&#038;p=8203"},"modified":"2026-04-29T08:41:05","modified_gmt":"2026-04-29T06:41:05","slug":"thermomix-tm7","status":"publish","type":"product","link":"https:\/\/aurahausgerate.com\/de_de\/produkt\/thermomix-tm7\/","title":{"rendered":"Thermomix\u00ae TM7"},"content":{"rendered":"<section class=\"ts-section\">\n<div class=\"row\">\n<div class=\"col-xs-12\" data-scrollto-target=\"#description\">\n<h2 class=\"text--large\">Artikeldetails<\/h2>\n<div class=\"row\">\n<div class=\"col-xs-12 col-md-6\">\n<div class=\"txt-comp\">\n<p>Der brandneue Thermomix\u00ae TM7 hebt das Kochen dank intelligenter Technologie und elegantem Design auf ein neues Niveau.<\/p>\n<p><strong>DER BRANDNEUE MULTIFUNKTIONALE K\u00dcCHENROBOTER, DER ALLES KANN<\/strong><\/p>\n<p>Kompakt, leistungsstark und vielseitig \u2013 der Thermomix\u00ae TM7 ersetzt mehr als zwanzig K\u00fcchenger\u00e4te.<br \/>\nMit <strong>12 Funktionen<\/strong> und <strong>25 integrierten Modi<\/strong> k\u00f6nnen Sie mahlen, hacken, schmoren, schlagen, wiegen, emulgieren, d\u00e4mpfen, mixen, aufw\u00e4rmen, kochen, kneten und r\u00fchren \u2013 alles mit nur einem Ger\u00e4t.<\/p>\n<p>Sie m\u00fcssen nicht mehr st\u00e4ndig am Herd stehen und den Kochvorgang \u00fcberwachen \u2013 der Thermomix\u00ae TM7 \u00fcbernimmt viele Schritte f\u00fcr Sie. Dank seines <strong>neuen Motors<\/strong> und des <strong>isolierten Geh\u00e4uses<\/strong> arbeitet er besonders leise und sorgt f\u00fcr maximalen Komfort im K\u00fcchenalltag.<\/p>\n<p>So bleibt Ihnen Zeit f\u00fcr die wichtigen Dinge, w\u00e4hrend Ihre Mahlzeit bequem und zuverl\u00e4ssig zubereitet wird.<\/p>\n<p><strong>COOKIDOO\u00ae \u2013 DIE IN DEN THERMOMIX\u00ae INTEGRIERTE REZEPTPLATTFORM<\/strong><\/p>\n<p>Entdecken Sie <strong>\u00fcber 10.000 Rezepte<\/strong> direkt auf dem Bildschirm Ihres Thermomix\u00ae TM7.<br \/>\nDie gef\u00fchrte Kochfunktion macht die Zubereitung noch einfacher und komfortabler.<\/p>\n<p>Dank <strong>Cookidoo\u00ae<\/strong> k\u00f6nnen Sie Ihre Lieblingsrezepte speichern, Ihre Wochenspeisepl\u00e4ne planen und mit nur einem Klick Ihre Einkaufsliste erstellen \u2013 f\u00fcr optimale Organisation im Alltag.<\/p>\n<p>\ud83c\udf81 Die ersten 3 Monate sind kostenlos*.<\/p>\n<p><strong>KOCHEN LEICHT GEMACHT<\/strong><\/p>\n<p>Passen Sie Ihren Startbildschirm an und genie\u00dfen Sie das gro\u00dfe <strong>10-Zoll-Display<\/strong> f\u00fcr eine besonders intuitive Bedienung. Der Thermomix\u00ae TM7 \u00fcberzeugt auch durch seine einfache Reinigung \u2013 dank Vorreinigungsmodus und <strong>sp\u00fclmaschinenfesten<\/strong> Teilen.<\/p>\n<p>Der Mixtopf l\u00e4sst sich dank seines ergonomischen Griffs leicht handhaben, w\u00e4hrend das isolierte Geh\u00e4use zus\u00e4tzliche Sicherheit bei der Benutzung bietet.<\/p>\n<p><strong>Lieferumfang<\/strong><\/p>\n<\/div>\n<\/div>\n<\/div>\n<\/div>\n<\/div>\n<\/section>\n<section class=\"ts-section\">\n<div class=\"row\">\n<div class=\"col-xs-12 col-md-6\" data-scrollto-target=\"#delivery\">\n<div class=\"delivery-scope__wrapper\">\n<div class=\"delivery-scope__content\">\n<ul>\n<li>1 Basis des Thermomix\u00ae TM7<\/li>\n<li>1 Varoma<\/li>\n<li>1 Spatel<\/li>\n<li>1 Mixtopf f\u00fcr Thermomix\u00ae TM7<\/li>\n<li>1 Messer<\/li>\n<li>1 Gareinsatz<\/li>\n<li>1 Schmetterlingsr\u00fchreinsatz<\/li>\n<li>1 Bedienungsanleitung<\/li>\n<li>3-monatiges Cookidoo\u00ae-Abonnement inklusive<\/li>\n<\/ul>\n<\/div>\n<\/div>\n<\/div>\n<\/div>\n<\/section>\n<p><em>\ud83d\ude9a Lieferung nur innerhalb Deutschlands.<\/em><\/p>","protected":false},"excerpt":{"rendered":"<p><strong>Der brandneue multifunktionale K\u00fcchenroboter \u2013 NEU &#038; originalverpackt<\/strong><\/p>\n<ul>\n<li>Ersetzt mehr als 20 K\u00fcchenger\u00e4te<\/li>\n<li>\u00dcber 10.000 Rezepte direkt auf dem Bildschirm verf\u00fcgbar<\/li>\n<li>3 Monate gratis auf der Rezeptplattform Cookidoo\u00ae<\/li>\n<li>Besonders leiser Betrieb dank innovativem Motor<\/li>\n<li>3 Jahre Garantie<\/li>\n<li>30 Tage Geld-zur\u00fcck-Garantie<\/li>\n<\/ul>\n<p>\ud83d\ude9a Lieferung nur innerhalb Deutschlands.<\/p>\n<p>\u23f1\ufe0f Lieferzeit: 3 bis 15 Werktage.<\/p>","protected":false},"featured_media":7320,"template":"","meta":[],"product_brand":[65],"product_cat":[56],"product_tag":[],"class_list":{"0":"post-8203","1":"product","2":"type-product","3":"status-publish","4":"has-post-thumbnail","6":"product_brand-thermomix","7":"product_cat-thermomix-tm7","9":"first","10":"instock","11":"sale","12":"shipping-taxable","13":"purchasable","14":"product-type-simple"},"_links":{"self":[{"href":"https:\/\/aurahausgerate.com\/de_de\/wp-json\/wp\/v2\/product\/8203","targetHints":{"allow":["GET"]}}],"collection":[{"href":"https:\/\/aurahausgerate.com\/de_de\/wp-json\/wp\/v2\/product"}],"about":[{"href":"https:\/\/aurahausgerate.com\/de_de\/wp-json\/wp\/v2\/types\/product"}],"wp:featuredmedia":[{"embeddable":true,"href":"https:\/\/aurahausgerate.com\/de_de\/wp-json\/wp\/v2\/media\/7320"}],"wp:attachment":[{"href":"https:\/\/aurahausgerate.com\/de_de\/wp-json\/wp\/v2\/media?parent=8203"}],"wp:term":[{"taxonomy":"product_brand","embeddable":true,"href":"https:\/\/aurahausgerate.com\/de_de\/wp-json\/wp\/v2\/product_brand?post=8203"},{"taxonomy":"product_cat","embeddable":true,"href":"https:\/\/aurahausgerate.com\/de_de\/wp-json\/wp\/v2\/product_cat?post=8203"},{"taxonomy":"product_tag","embeddable":true,"href":"https:\/\/aurahausgerate.com\/de_de\/wp-json\/wp\/v2\/product_tag?post=8203"}],"curies":[{"name":"wp","href":"https:\/\/api.w.org\/{rel}","templated":true}]}}